
{"id":4281,"date":"2024-09-23T10:48:35","date_gmt":"2024-09-23T09:48:35","guid":{"rendered":"https:\/\/stage.oximio.com\/network\/"},"modified":"2025-07-20T07:57:54","modified_gmt":"2025-07-20T06:57:54","slug":"network","status":"publish","type":"page","link":"https:\/\/stage.oximio.com\/tr\/network\/","title":{"rendered":"A\u011f"},"content":{"rendered":"","protected":false},"excerpt":{"rendered":"","protected":false},"author":1,"featured_media":0,"parent":0,"menu_order":5,"comment_status":"closed","ping_status":"closed","template":"Templates\/page-network.php","meta":{"_acf_changed":false,"footnotes":""},"class_list":["post-4281","page","type-page","status-publish","hentry"],"acf":[],"yoast_head":"<!-- This site is optimized with the Yoast SEO plugin v26.9 - https:\/\/yoast.com\/product\/yoast-seo-wordpress\/ -->\n<title>Klinik Ara\u015ft\u0131rmalar Tedarik Zinciri \u00c7\u00f6z\u00fcmleri | Global Lojistik<\/title>\n<meta name=\"description\" content=\"Klinik Ara\u015ft\u0131rmalar \u0130\u00e7in Tedarik Zinciri \u00c7\u00f6z\u00fcmleri Sunan Oximio&#039;nun Global Lokasyonlar\u0131n\u0131 Ke\u015ffedin. Geni\u015f Kapsaml\u0131 Ortak Depo A\u011f\u0131 ve Kendi Lokasyonlar\u0131m\u0131z.\" \/>\n<meta name=\"robots\" content=\"noindex, follow, max-snippet:-1, max-image-preview:large, max-video-preview:-1\" \/>\n<meta property=\"og:locale\" content=\"tr_TR\" \/>\n<meta property=\"og:type\" content=\"article\" \/>\n<meta property=\"og:title\" content=\"Klinik Ara\u015ft\u0131rmalar Tedarik Zinciri \u00c7\u00f6z\u00fcmleri | Global Lojistik\" \/>\n<meta property=\"og:description\" content=\"Klinik Ara\u015ft\u0131rmalar \u0130\u00e7in Tedarik Zinciri \u00c7\u00f6z\u00fcmleri Sunan Oximio&#039;nun Global Lokasyonlar\u0131n\u0131 Ke\u015ffedin. Geni\u015f Kapsaml\u0131 Ortak Depo A\u011f\u0131 ve Kendi Lokasyonlar\u0131m\u0131z.\" \/>\n<meta property=\"og:url\" content=\"https:\/\/stage.oximio.com\/tr\/network\/\" \/>\n<meta property=\"og:site_name\" content=\"Oximio\" \/>\n<meta property=\"article:publisher\" content=\"https:\/\/www.facebook.com\/Oximio\/\" \/>\n<meta property=\"article:modified_time\" content=\"2025-07-20T06:57:54+00:00\" \/>\n<meta property=\"og:image\" content=\"https:\/\/stage.oximio.com\/wp-content\/uploads\/2024\/10\/Thumbnail-1.jpg\" \/>\n\t<meta property=\"og:image:width\" content=\"1200\" \/>\n\t<meta property=\"og:image:height\" content=\"675\" \/>\n\t<meta property=\"og:image:type\" content=\"image\/jpeg\" \/>\n<meta name=\"twitter:card\" content=\"summary_large_image\" \/>\n<script type=\"application\/ld+json\" class=\"yoast-schema-graph\">{\"@context\":\"https:\/\/schema.org\",\"@graph\":[{\"@type\":\"WebPage\",\"@id\":\"https:\/\/stage.oximio.com\/tr\/network\/\",\"url\":\"https:\/\/stage.oximio.com\/tr\/network\/\",\"name\":\"Klinik Ara\u015ft\u0131rmalar Tedarik Zinciri \u00c7\u00f6z\u00fcmleri | Global Lojistik\",\"isPartOf\":{\"@id\":\"https:\/\/stage.oximio.com\/tr\/#website\"},\"datePublished\":\"2024-09-23T09:48:35+00:00\",\"dateModified\":\"2025-07-20T06:57:54+00:00\",\"description\":\"Klinik Ara\u015ft\u0131rmalar \u0130\u00e7in Tedarik Zinciri \u00c7\u00f6z\u00fcmleri Sunan Oximio'nun Global Lokasyonlar\u0131n\u0131 Ke\u015ffedin. Geni\u015f Kapsaml\u0131 Ortak Depo A\u011f\u0131 ve Kendi Lokasyonlar\u0131m\u0131z.\",\"breadcrumb\":{\"@id\":\"https:\/\/stage.oximio.com\/tr\/network\/#breadcrumb\"},\"inLanguage\":\"tr\",\"potentialAction\":[{\"@type\":\"ReadAction\",\"target\":[\"https:\/\/stage.oximio.com\/tr\/network\/\"]}]},{\"@type\":\"BreadcrumbList\",\"@id\":\"https:\/\/stage.oximio.com\/tr\/network\/#breadcrumb\",\"itemListElement\":[{\"@type\":\"ListItem\",\"position\":1,\"name\":\"Home\",\"item\":\"https:\/\/stage.oximio.com\/tr\/\"},{\"@type\":\"ListItem\",\"position\":2,\"name\":\"A\u011f\"}]},{\"@type\":\"WebSite\",\"@id\":\"https:\/\/stage.oximio.com\/tr\/#website\",\"url\":\"https:\/\/stage.oximio.com\/tr\/\",\"name\":\"Oximio\",\"description\":\"We deliver care\",\"publisher\":{\"@id\":\"https:\/\/stage.oximio.com\/tr\/#organization\"},\"potentialAction\":[{\"@type\":\"SearchAction\",\"target\":{\"@type\":\"EntryPoint\",\"urlTemplate\":\"https:\/\/stage.oximio.com\/tr\/?s={search_term_string}\"},\"query-input\":{\"@type\":\"PropertyValueSpecification\",\"valueRequired\":true,\"valueName\":\"search_term_string\"}}],\"inLanguage\":\"tr\"},{\"@type\":\"Organization\",\"@id\":\"https:\/\/stage.oximio.com\/tr\/#organization\",\"name\":\"Oximio\",\"url\":\"https:\/\/stage.oximio.com\/tr\/\",\"logo\":{\"@type\":\"ImageObject\",\"inLanguage\":\"tr\",\"@id\":\"https:\/\/stage.oximio.com\/tr\/#\/schema\/logo\/image\/\",\"url\":\"https:\/\/oximio.com\/wp-content\/uploads\/2024\/09\/Oximio_logo-01.jpg\",\"contentUrl\":\"https:\/\/oximio.com\/wp-content\/uploads\/2024\/09\/Oximio_logo-01.jpg\",\"width\":2501,\"height\":1363,\"caption\":\"Oximio\"},\"image\":{\"@id\":\"https:\/\/stage.oximio.com\/tr\/#\/schema\/logo\/image\/\"},\"sameAs\":[\"https:\/\/www.facebook.com\/Oximio\/\",\"https:\/\/www.linkedin.com\/company\/smo-group\"]}]}<\/script>\n<!-- \/ Yoast SEO plugin. -->","yoast_head_json":{"title":"Klinik Ara\u015ft\u0131rmalar Tedarik Zinciri \u00c7\u00f6z\u00fcmleri | Global Lojistik","description":"Klinik Ara\u015ft\u0131rmalar \u0130\u00e7in Tedarik Zinciri \u00c7\u00f6z\u00fcmleri Sunan Oximio'nun Global Lokasyonlar\u0131n\u0131 Ke\u015ffedin. Geni\u015f Kapsaml\u0131 Ortak Depo A\u011f\u0131 ve Kendi Lokasyonlar\u0131m\u0131z.","robots":{"index":"noindex","follow":"follow","max-snippet":"max-snippet:-1","max-image-preview":"max-image-preview:large","max-video-preview":"max-video-preview:-1"},"og_locale":"tr_TR","og_type":"article","og_title":"Klinik Ara\u015ft\u0131rmalar Tedarik Zinciri \u00c7\u00f6z\u00fcmleri | Global Lojistik","og_description":"Klinik Ara\u015ft\u0131rmalar \u0130\u00e7in Tedarik Zinciri \u00c7\u00f6z\u00fcmleri Sunan Oximio'nun Global Lokasyonlar\u0131n\u0131 Ke\u015ffedin. Geni\u015f Kapsaml\u0131 Ortak Depo A\u011f\u0131 ve Kendi Lokasyonlar\u0131m\u0131z.","og_url":"https:\/\/stage.oximio.com\/tr\/network\/","og_site_name":"Oximio","article_publisher":"https:\/\/www.facebook.com\/Oximio\/","article_modified_time":"2025-07-20T06:57:54+00:00","og_image":[{"width":1200,"height":675,"url":"https:\/\/stage.oximio.com\/wp-content\/uploads\/2024\/10\/Thumbnail-1.jpg","type":"image\/jpeg"}],"twitter_card":"summary_large_image","schema":{"@context":"https:\/\/schema.org","@graph":[{"@type":"WebPage","@id":"https:\/\/stage.oximio.com\/tr\/network\/","url":"https:\/\/stage.oximio.com\/tr\/network\/","name":"Klinik Ara\u015ft\u0131rmalar Tedarik Zinciri \u00c7\u00f6z\u00fcmleri | Global Lojistik","isPartOf":{"@id":"https:\/\/stage.oximio.com\/tr\/#website"},"datePublished":"2024-09-23T09:48:35+00:00","dateModified":"2025-07-20T06:57:54+00:00","description":"Klinik Ara\u015ft\u0131rmalar \u0130\u00e7in Tedarik Zinciri \u00c7\u00f6z\u00fcmleri Sunan Oximio'nun Global Lokasyonlar\u0131n\u0131 Ke\u015ffedin. Geni\u015f Kapsaml\u0131 Ortak Depo A\u011f\u0131 ve Kendi Lokasyonlar\u0131m\u0131z.","breadcrumb":{"@id":"https:\/\/stage.oximio.com\/tr\/network\/#breadcrumb"},"inLanguage":"tr","potentialAction":[{"@type":"ReadAction","target":["https:\/\/stage.oximio.com\/tr\/network\/"]}]},{"@type":"BreadcrumbList","@id":"https:\/\/stage.oximio.com\/tr\/network\/#breadcrumb","itemListElement":[{"@type":"ListItem","position":1,"name":"Home","item":"https:\/\/stage.oximio.com\/tr\/"},{"@type":"ListItem","position":2,"name":"A\u011f"}]},{"@type":"WebSite","@id":"https:\/\/stage.oximio.com\/tr\/#website","url":"https:\/\/stage.oximio.com\/tr\/","name":"Oximio","description":"We deliver care","publisher":{"@id":"https:\/\/stage.oximio.com\/tr\/#organization"},"potentialAction":[{"@type":"SearchAction","target":{"@type":"EntryPoint","urlTemplate":"https:\/\/stage.oximio.com\/tr\/?s={search_term_string}"},"query-input":{"@type":"PropertyValueSpecification","valueRequired":true,"valueName":"search_term_string"}}],"inLanguage":"tr"},{"@type":"Organization","@id":"https:\/\/stage.oximio.com\/tr\/#organization","name":"Oximio","url":"https:\/\/stage.oximio.com\/tr\/","logo":{"@type":"ImageObject","inLanguage":"tr","@id":"https:\/\/stage.oximio.com\/tr\/#\/schema\/logo\/image\/","url":"https:\/\/oximio.com\/wp-content\/uploads\/2024\/09\/Oximio_logo-01.jpg","contentUrl":"https:\/\/oximio.com\/wp-content\/uploads\/2024\/09\/Oximio_logo-01.jpg","width":2501,"height":1363,"caption":"Oximio"},"image":{"@id":"https:\/\/stage.oximio.com\/tr\/#\/schema\/logo\/image\/"},"sameAs":["https:\/\/www.facebook.com\/Oximio\/","https:\/\/www.linkedin.com\/company\/smo-group"]}]}},"_links":{"self":[{"href":"https:\/\/stage.oximio.com\/tr\/wp-json\/wp\/v2\/pages\/4281","targetHints":{"allow":["GET"]}}],"collection":[{"href":"https:\/\/stage.oximio.com\/tr\/wp-json\/wp\/v2\/pages"}],"about":[{"href":"https:\/\/stage.oximio.com\/tr\/wp-json\/wp\/v2\/types\/page"}],"author":[{"embeddable":true,"href":"https:\/\/stage.oximio.com\/tr\/wp-json\/wp\/v2\/users\/1"}],"replies":[{"embeddable":true,"href":"https:\/\/stage.oximio.com\/tr\/wp-json\/wp\/v2\/comments?post=4281"}],"version-history":[{"count":3,"href":"https:\/\/stage.oximio.com\/tr\/wp-json\/wp\/v2\/pages\/4281\/revisions"}],"predecessor-version":[{"id":4691,"href":"https:\/\/stage.oximio.com\/tr\/wp-json\/wp\/v2\/pages\/4281\/revisions\/4691"}],"wp:attachment":[{"href":"https:\/\/stage.oximio.com\/tr\/wp-json\/wp\/v2\/media?parent=4281"}],"curies":[{"name":"wp","href":"https:\/\/api.w.org\/{rel}","templated":true}]}}