
{"id":4275,"date":"2024-08-29T06:07:03","date_gmt":"2024-08-29T05:07:03","guid":{"rendered":"https:\/\/stage.oximio.com\/services\/logistic-solutions\/"},"modified":"2025-07-22T06:12:37","modified_gmt":"2025-07-22T05:12:37","slug":"logistic-solutions","status":"publish","type":"page","link":"https:\/\/stage.oximio.com\/tr\/services\/logistic-solutions\/","title":{"rendered":"Global Lojistik \u00c7\u00f6z\u00fcmleri"},"content":{"rendered":"","protected":false},"excerpt":{"rendered":"","protected":false},"author":1,"featured_media":0,"parent":4273,"menu_order":0,"comment_status":"closed","ping_status":"closed","template":"Templates\/page-services-sub.php","meta":{"_acf_changed":false,"footnotes":""},"class_list":["post-4275","page","type-page","status-publish","hentry"],"acf":[],"yoast_head":"<!-- This site is optimized with the Yoast SEO plugin v26.9 - https:\/\/yoast.com\/product\/yoast-seo-wordpress\/ -->\n<title>Klinik Ara\u015ft\u0131rma Tedarik Lojisti\u011fi | Birle\u015fik Krall\u0131k, Avrupa, Afrika, ABD<\/title>\n<meta name=\"description\" content=\"Global Klinik Ara\u015ft\u0131rma Lojisti\u011fi: \u0130la\u00e7 Ara\u015ft\u0131rmalar\u0131 \u0130\u00e7in Tedarik Zinciri, Kar\u015f\u0131la\u015ft\u0131rma \u00dcr\u00fcn Tedari\u011fi ve Hasta Hizmetleri. Bize Ula\u015f\u0131n.\" \/>\n<meta name=\"robots\" content=\"noindex, follow, max-snippet:-1, max-image-preview:large, max-video-preview:-1\" \/>\n<meta property=\"og:locale\" content=\"tr_TR\" \/>\n<meta property=\"og:type\" content=\"article\" \/>\n<meta property=\"og:title\" content=\"Klinik Ara\u015ft\u0131rma Tedarik Lojisti\u011fi | Birle\u015fik Krall\u0131k, Avrupa, Afrika, ABD\" \/>\n<meta property=\"og:description\" content=\"Global Klinik Ara\u015ft\u0131rma Lojisti\u011fi: \u0130la\u00e7 Ara\u015ft\u0131rmalar\u0131 \u0130\u00e7in Tedarik Zinciri, Kar\u015f\u0131la\u015ft\u0131rma \u00dcr\u00fcn Tedari\u011fi ve Hasta Hizmetleri. Bize Ula\u015f\u0131n.\" \/>\n<meta property=\"og:url\" content=\"https:\/\/stage.oximio.com\/tr\/services\/logistic-solutions\/\" \/>\n<meta property=\"og:site_name\" content=\"Oximio\" \/>\n<meta property=\"article:publisher\" content=\"https:\/\/www.facebook.com\/Oximio\/\" \/>\n<meta property=\"article:modified_time\" content=\"2025-07-22T05:12:37+00:00\" \/>\n<meta property=\"og:image\" content=\"https:\/\/stage.oximio.com\/wp-content\/uploads\/2024\/10\/Thumbnail-1.jpg\" \/>\n\t<meta property=\"og:image:width\" content=\"1200\" \/>\n\t<meta property=\"og:image:height\" content=\"675\" \/>\n\t<meta property=\"og:image:type\" content=\"image\/jpeg\" \/>\n<meta name=\"twitter:card\" content=\"summary_large_image\" \/>\n<script type=\"application\/ld+json\" class=\"yoast-schema-graph\">{\"@context\":\"https:\/\/schema.org\",\"@graph\":[{\"@type\":\"WebPage\",\"@id\":\"https:\/\/stage.oximio.com\/tr\/services\/logistic-solutions\/\",\"url\":\"https:\/\/stage.oximio.com\/tr\/services\/logistic-solutions\/\",\"name\":\"Klinik Ara\u015ft\u0131rma Tedarik Lojisti\u011fi | Birle\u015fik Krall\u0131k, Avrupa, Afrika, ABD\",\"isPartOf\":{\"@id\":\"https:\/\/stage.oximio.com\/tr\/#website\"},\"datePublished\":\"2024-08-29T05:07:03+00:00\",\"dateModified\":\"2025-07-22T05:12:37+00:00\",\"description\":\"Global Klinik Ara\u015ft\u0131rma Lojisti\u011fi: \u0130la\u00e7 Ara\u015ft\u0131rmalar\u0131 \u0130\u00e7in Tedarik Zinciri, Kar\u015f\u0131la\u015ft\u0131rma \u00dcr\u00fcn Tedari\u011fi ve Hasta Hizmetleri. Bize Ula\u015f\u0131n.\",\"breadcrumb\":{\"@id\":\"https:\/\/stage.oximio.com\/tr\/services\/logistic-solutions\/#breadcrumb\"},\"inLanguage\":\"tr\",\"potentialAction\":[{\"@type\":\"ReadAction\",\"target\":[\"https:\/\/stage.oximio.com\/tr\/services\/logistic-solutions\/\"]}]},{\"@type\":\"BreadcrumbList\",\"@id\":\"https:\/\/stage.oximio.com\/tr\/services\/logistic-solutions\/#breadcrumb\",\"itemListElement\":[{\"@type\":\"ListItem\",\"position\":1,\"name\":\"Home\",\"item\":\"https:\/\/stage.oximio.com\/tr\/\"},{\"@type\":\"ListItem\",\"position\":2,\"name\":\"Hizmetler\",\"item\":\"https:\/\/stage.oximio.com\/tr\/services\/\"},{\"@type\":\"ListItem\",\"position\":3,\"name\":\"Global Lojistik \u00c7\u00f6z\u00fcmleri\"}]},{\"@type\":\"WebSite\",\"@id\":\"https:\/\/stage.oximio.com\/tr\/#website\",\"url\":\"https:\/\/stage.oximio.com\/tr\/\",\"name\":\"Oximio\",\"description\":\"We deliver care\",\"publisher\":{\"@id\":\"https:\/\/stage.oximio.com\/tr\/#organization\"},\"potentialAction\":[{\"@type\":\"SearchAction\",\"target\":{\"@type\":\"EntryPoint\",\"urlTemplate\":\"https:\/\/stage.oximio.com\/tr\/?s={search_term_string}\"},\"query-input\":{\"@type\":\"PropertyValueSpecification\",\"valueRequired\":true,\"valueName\":\"search_term_string\"}}],\"inLanguage\":\"tr\"},{\"@type\":\"Organization\",\"@id\":\"https:\/\/stage.oximio.com\/tr\/#organization\",\"name\":\"Oximio\",\"url\":\"https:\/\/stage.oximio.com\/tr\/\",\"logo\":{\"@type\":\"ImageObject\",\"inLanguage\":\"tr\",\"@id\":\"https:\/\/stage.oximio.com\/tr\/#\/schema\/logo\/image\/\",\"url\":\"https:\/\/oximio.com\/wp-content\/uploads\/2024\/09\/Oximio_logo-01.jpg\",\"contentUrl\":\"https:\/\/oximio.com\/wp-content\/uploads\/2024\/09\/Oximio_logo-01.jpg\",\"width\":2501,\"height\":1363,\"caption\":\"Oximio\"},\"image\":{\"@id\":\"https:\/\/stage.oximio.com\/tr\/#\/schema\/logo\/image\/\"},\"sameAs\":[\"https:\/\/www.facebook.com\/Oximio\/\",\"https:\/\/www.linkedin.com\/company\/smo-group\"]}]}<\/script>\n<!-- \/ Yoast SEO plugin. -->","yoast_head_json":{"title":"Klinik Ara\u015ft\u0131rma Tedarik Lojisti\u011fi | Birle\u015fik Krall\u0131k, Avrupa, Afrika, ABD","description":"Global Klinik Ara\u015ft\u0131rma Lojisti\u011fi: \u0130la\u00e7 Ara\u015ft\u0131rmalar\u0131 \u0130\u00e7in Tedarik Zinciri, Kar\u015f\u0131la\u015ft\u0131rma \u00dcr\u00fcn Tedari\u011fi ve Hasta Hizmetleri. Bize Ula\u015f\u0131n.","robots":{"index":"noindex","follow":"follow","max-snippet":"max-snippet:-1","max-image-preview":"max-image-preview:large","max-video-preview":"max-video-preview:-1"},"og_locale":"tr_TR","og_type":"article","og_title":"Klinik Ara\u015ft\u0131rma Tedarik Lojisti\u011fi | Birle\u015fik Krall\u0131k, Avrupa, Afrika, ABD","og_description":"Global Klinik Ara\u015ft\u0131rma Lojisti\u011fi: \u0130la\u00e7 Ara\u015ft\u0131rmalar\u0131 \u0130\u00e7in Tedarik Zinciri, Kar\u015f\u0131la\u015ft\u0131rma \u00dcr\u00fcn Tedari\u011fi ve Hasta Hizmetleri. Bize Ula\u015f\u0131n.","og_url":"https:\/\/stage.oximio.com\/tr\/services\/logistic-solutions\/","og_site_name":"Oximio","article_publisher":"https:\/\/www.facebook.com\/Oximio\/","article_modified_time":"2025-07-22T05:12:37+00:00","og_image":[{"width":1200,"height":675,"url":"https:\/\/stage.oximio.com\/wp-content\/uploads\/2024\/10\/Thumbnail-1.jpg","type":"image\/jpeg"}],"twitter_card":"summary_large_image","schema":{"@context":"https:\/\/schema.org","@graph":[{"@type":"WebPage","@id":"https:\/\/stage.oximio.com\/tr\/services\/logistic-solutions\/","url":"https:\/\/stage.oximio.com\/tr\/services\/logistic-solutions\/","name":"Klinik Ara\u015ft\u0131rma Tedarik Lojisti\u011fi | Birle\u015fik Krall\u0131k, Avrupa, Afrika, ABD","isPartOf":{"@id":"https:\/\/stage.oximio.com\/tr\/#website"},"datePublished":"2024-08-29T05:07:03+00:00","dateModified":"2025-07-22T05:12:37+00:00","description":"Global Klinik Ara\u015ft\u0131rma Lojisti\u011fi: \u0130la\u00e7 Ara\u015ft\u0131rmalar\u0131 \u0130\u00e7in Tedarik Zinciri, Kar\u015f\u0131la\u015ft\u0131rma \u00dcr\u00fcn Tedari\u011fi ve Hasta Hizmetleri. Bize Ula\u015f\u0131n.","breadcrumb":{"@id":"https:\/\/stage.oximio.com\/tr\/services\/logistic-solutions\/#breadcrumb"},"inLanguage":"tr","potentialAction":[{"@type":"ReadAction","target":["https:\/\/stage.oximio.com\/tr\/services\/logistic-solutions\/"]}]},{"@type":"BreadcrumbList","@id":"https:\/\/stage.oximio.com\/tr\/services\/logistic-solutions\/#breadcrumb","itemListElement":[{"@type":"ListItem","position":1,"name":"Home","item":"https:\/\/stage.oximio.com\/tr\/"},{"@type":"ListItem","position":2,"name":"Hizmetler","item":"https:\/\/stage.oximio.com\/tr\/services\/"},{"@type":"ListItem","position":3,"name":"Global Lojistik \u00c7\u00f6z\u00fcmleri"}]},{"@type":"WebSite","@id":"https:\/\/stage.oximio.com\/tr\/#website","url":"https:\/\/stage.oximio.com\/tr\/","name":"Oximio","description":"We deliver care","publisher":{"@id":"https:\/\/stage.oximio.com\/tr\/#organization"},"potentialAction":[{"@type":"SearchAction","target":{"@type":"EntryPoint","urlTemplate":"https:\/\/stage.oximio.com\/tr\/?s={search_term_string}"},"query-input":{"@type":"PropertyValueSpecification","valueRequired":true,"valueName":"search_term_string"}}],"inLanguage":"tr"},{"@type":"Organization","@id":"https:\/\/stage.oximio.com\/tr\/#organization","name":"Oximio","url":"https:\/\/stage.oximio.com\/tr\/","logo":{"@type":"ImageObject","inLanguage":"tr","@id":"https:\/\/stage.oximio.com\/tr\/#\/schema\/logo\/image\/","url":"https:\/\/oximio.com\/wp-content\/uploads\/2024\/09\/Oximio_logo-01.jpg","contentUrl":"https:\/\/oximio.com\/wp-content\/uploads\/2024\/09\/Oximio_logo-01.jpg","width":2501,"height":1363,"caption":"Oximio"},"image":{"@id":"https:\/\/stage.oximio.com\/tr\/#\/schema\/logo\/image\/"},"sameAs":["https:\/\/www.facebook.com\/Oximio\/","https:\/\/www.linkedin.com\/company\/smo-group"]}]}},"_links":{"self":[{"href":"https:\/\/stage.oximio.com\/tr\/wp-json\/wp\/v2\/pages\/4275","targetHints":{"allow":["GET"]}}],"collection":[{"href":"https:\/\/stage.oximio.com\/tr\/wp-json\/wp\/v2\/pages"}],"about":[{"href":"https:\/\/stage.oximio.com\/tr\/wp-json\/wp\/v2\/types\/page"}],"author":[{"embeddable":true,"href":"https:\/\/stage.oximio.com\/tr\/wp-json\/wp\/v2\/users\/1"}],"replies":[{"embeddable":true,"href":"https:\/\/stage.oximio.com\/tr\/wp-json\/wp\/v2\/comments?post=4275"}],"version-history":[{"count":24,"href":"https:\/\/stage.oximio.com\/tr\/wp-json\/wp\/v2\/pages\/4275\/revisions"}],"predecessor-version":[{"id":4744,"href":"https:\/\/stage.oximio.com\/tr\/wp-json\/wp\/v2\/pages\/4275\/revisions\/4744"}],"up":[{"embeddable":true,"href":"https:\/\/stage.oximio.com\/tr\/wp-json\/wp\/v2\/pages\/4273"}],"wp:attachment":[{"href":"https:\/\/stage.oximio.com\/tr\/wp-json\/wp\/v2\/media?parent=4275"}],"curies":[{"name":"wp","href":"https:\/\/api.w.org\/{rel}","templated":true}]}}