
{"id":4273,"date":"2024-08-29T05:44:33","date_gmt":"2024-08-29T04:44:33","guid":{"rendered":"https:\/\/stage.oximio.com\/services\/"},"modified":"2025-07-30T13:44:08","modified_gmt":"2025-07-30T12:44:08","slug":"services","status":"publish","type":"page","link":"https:\/\/stage.oximio.com\/tr\/services\/","title":{"rendered":"Hizmetler"},"content":{"rendered":"","protected":false},"excerpt":{"rendered":"","protected":false},"author":1,"featured_media":0,"parent":0,"menu_order":2,"comment_status":"closed","ping_status":"closed","template":"Templates\/page-services.php","meta":{"_acf_changed":false,"footnotes":""},"class_list":["post-4273","page","type-page","status-publish","hentry"],"acf":[],"yoast_head":"<!-- This site is optimized with the Yoast SEO plugin v26.9 - https:\/\/yoast.com\/product\/yoast-seo-wordpress\/ -->\n<title>Klinik Ara\u015ft\u0131rma Hizmetleri | Global Lojistik<\/title>\n<meta name=\"description\" content=\"Oximio, Ukrayna, Avrupa, Orta Do\u011fu ve Afrika&#039;daki klinik ara\u015ft\u0131rmalar\u0131 destekleyerek, ba\u015ftan sona eksiksiz klinik ara\u015ft\u0131rma lojistik hizmetleri sunmaktad\u0131r.\" \/>\n<meta name=\"robots\" content=\"noindex, follow, max-snippet:-1, max-image-preview:large, max-video-preview:-1\" \/>\n<meta property=\"og:locale\" content=\"tr_TR\" \/>\n<meta property=\"og:type\" content=\"article\" \/>\n<meta property=\"og:title\" content=\"Klinik Ara\u015ft\u0131rma Hizmetleri | Global Lojistik\" \/>\n<meta property=\"og:description\" content=\"Oximio, Ukrayna, Avrupa, Orta Do\u011fu ve Afrika&#039;daki klinik ara\u015ft\u0131rmalar\u0131 destekleyerek, ba\u015ftan sona eksiksiz klinik ara\u015ft\u0131rma lojistik hizmetleri sunmaktad\u0131r.\" \/>\n<meta property=\"og:url\" content=\"https:\/\/stage.oximio.com\/tr\/services\/\" \/>\n<meta property=\"og:site_name\" content=\"Oximio\" \/>\n<meta property=\"article:publisher\" content=\"https:\/\/www.facebook.com\/Oximio\/\" \/>\n<meta property=\"article:modified_time\" content=\"2025-07-30T12:44:08+00:00\" \/>\n<meta property=\"og:image\" content=\"https:\/\/stage.oximio.com\/wp-content\/uploads\/2024\/10\/Thumbnail-1.jpg\" \/>\n\t<meta property=\"og:image:width\" content=\"1200\" \/>\n\t<meta property=\"og:image:height\" content=\"675\" \/>\n\t<meta property=\"og:image:type\" content=\"image\/jpeg\" \/>\n<meta name=\"twitter:card\" content=\"summary_large_image\" \/>\n<script type=\"application\/ld+json\" class=\"yoast-schema-graph\">{\"@context\":\"https:\/\/schema.org\",\"@graph\":[{\"@type\":\"WebPage\",\"@id\":\"https:\/\/stage.oximio.com\/tr\/services\/\",\"url\":\"https:\/\/stage.oximio.com\/tr\/services\/\",\"name\":\"Klinik Ara\u015ft\u0131rma Hizmetleri | Global Lojistik\",\"isPartOf\":{\"@id\":\"https:\/\/stage.oximio.com\/tr\/#website\"},\"datePublished\":\"2024-08-29T04:44:33+00:00\",\"dateModified\":\"2025-07-30T12:44:08+00:00\",\"description\":\"Oximio, Ukrayna, Avrupa, Orta Do\u011fu ve Afrika'daki klinik ara\u015ft\u0131rmalar\u0131 destekleyerek, ba\u015ftan sona eksiksiz klinik ara\u015ft\u0131rma lojistik hizmetleri sunmaktad\u0131r.\",\"breadcrumb\":{\"@id\":\"https:\/\/stage.oximio.com\/tr\/services\/#breadcrumb\"},\"inLanguage\":\"tr\",\"potentialAction\":[{\"@type\":\"ReadAction\",\"target\":[\"https:\/\/stage.oximio.com\/tr\/services\/\"]}]},{\"@type\":\"BreadcrumbList\",\"@id\":\"https:\/\/stage.oximio.com\/tr\/services\/#breadcrumb\",\"itemListElement\":[{\"@type\":\"ListItem\",\"position\":1,\"name\":\"Home\",\"item\":\"https:\/\/stage.oximio.com\/tr\/\"},{\"@type\":\"ListItem\",\"position\":2,\"name\":\"Hizmetler\"}]},{\"@type\":\"WebSite\",\"@id\":\"https:\/\/stage.oximio.com\/tr\/#website\",\"url\":\"https:\/\/stage.oximio.com\/tr\/\",\"name\":\"Oximio\",\"description\":\"We deliver care\",\"publisher\":{\"@id\":\"https:\/\/stage.oximio.com\/tr\/#organization\"},\"potentialAction\":[{\"@type\":\"SearchAction\",\"target\":{\"@type\":\"EntryPoint\",\"urlTemplate\":\"https:\/\/stage.oximio.com\/tr\/?s={search_term_string}\"},\"query-input\":{\"@type\":\"PropertyValueSpecification\",\"valueRequired\":true,\"valueName\":\"search_term_string\"}}],\"inLanguage\":\"tr\"},{\"@type\":\"Organization\",\"@id\":\"https:\/\/stage.oximio.com\/tr\/#organization\",\"name\":\"Oximio\",\"url\":\"https:\/\/stage.oximio.com\/tr\/\",\"logo\":{\"@type\":\"ImageObject\",\"inLanguage\":\"tr\",\"@id\":\"https:\/\/stage.oximio.com\/tr\/#\/schema\/logo\/image\/\",\"url\":\"https:\/\/oximio.com\/wp-content\/uploads\/2024\/09\/Oximio_logo-01.jpg\",\"contentUrl\":\"https:\/\/oximio.com\/wp-content\/uploads\/2024\/09\/Oximio_logo-01.jpg\",\"width\":2501,\"height\":1363,\"caption\":\"Oximio\"},\"image\":{\"@id\":\"https:\/\/stage.oximio.com\/tr\/#\/schema\/logo\/image\/\"},\"sameAs\":[\"https:\/\/www.facebook.com\/Oximio\/\",\"https:\/\/www.linkedin.com\/company\/smo-group\"]}]}<\/script>\n<!-- \/ Yoast SEO plugin. -->","yoast_head_json":{"title":"Klinik Ara\u015ft\u0131rma Hizmetleri | Global Lojistik","description":"Oximio, Ukrayna, Avrupa, Orta Do\u011fu ve Afrika'daki klinik ara\u015ft\u0131rmalar\u0131 destekleyerek, ba\u015ftan sona eksiksiz klinik ara\u015ft\u0131rma lojistik hizmetleri sunmaktad\u0131r.","robots":{"index":"noindex","follow":"follow","max-snippet":"max-snippet:-1","max-image-preview":"max-image-preview:large","max-video-preview":"max-video-preview:-1"},"og_locale":"tr_TR","og_type":"article","og_title":"Klinik Ara\u015ft\u0131rma Hizmetleri | Global Lojistik","og_description":"Oximio, Ukrayna, Avrupa, Orta Do\u011fu ve Afrika'daki klinik ara\u015ft\u0131rmalar\u0131 destekleyerek, ba\u015ftan sona eksiksiz klinik ara\u015ft\u0131rma lojistik hizmetleri sunmaktad\u0131r.","og_url":"https:\/\/stage.oximio.com\/tr\/services\/","og_site_name":"Oximio","article_publisher":"https:\/\/www.facebook.com\/Oximio\/","article_modified_time":"2025-07-30T12:44:08+00:00","og_image":[{"width":1200,"height":675,"url":"https:\/\/stage.oximio.com\/wp-content\/uploads\/2024\/10\/Thumbnail-1.jpg","type":"image\/jpeg"}],"twitter_card":"summary_large_image","schema":{"@context":"https:\/\/schema.org","@graph":[{"@type":"WebPage","@id":"https:\/\/stage.oximio.com\/tr\/services\/","url":"https:\/\/stage.oximio.com\/tr\/services\/","name":"Klinik Ara\u015ft\u0131rma Hizmetleri | Global Lojistik","isPartOf":{"@id":"https:\/\/stage.oximio.com\/tr\/#website"},"datePublished":"2024-08-29T04:44:33+00:00","dateModified":"2025-07-30T12:44:08+00:00","description":"Oximio, Ukrayna, Avrupa, Orta Do\u011fu ve Afrika'daki klinik ara\u015ft\u0131rmalar\u0131 destekleyerek, ba\u015ftan sona eksiksiz klinik ara\u015ft\u0131rma lojistik hizmetleri sunmaktad\u0131r.","breadcrumb":{"@id":"https:\/\/stage.oximio.com\/tr\/services\/#breadcrumb"},"inLanguage":"tr","potentialAction":[{"@type":"ReadAction","target":["https:\/\/stage.oximio.com\/tr\/services\/"]}]},{"@type":"BreadcrumbList","@id":"https:\/\/stage.oximio.com\/tr\/services\/#breadcrumb","itemListElement":[{"@type":"ListItem","position":1,"name":"Home","item":"https:\/\/stage.oximio.com\/tr\/"},{"@type":"ListItem","position":2,"name":"Hizmetler"}]},{"@type":"WebSite","@id":"https:\/\/stage.oximio.com\/tr\/#website","url":"https:\/\/stage.oximio.com\/tr\/","name":"Oximio","description":"We deliver care","publisher":{"@id":"https:\/\/stage.oximio.com\/tr\/#organization"},"potentialAction":[{"@type":"SearchAction","target":{"@type":"EntryPoint","urlTemplate":"https:\/\/stage.oximio.com\/tr\/?s={search_term_string}"},"query-input":{"@type":"PropertyValueSpecification","valueRequired":true,"valueName":"search_term_string"}}],"inLanguage":"tr"},{"@type":"Organization","@id":"https:\/\/stage.oximio.com\/tr\/#organization","name":"Oximio","url":"https:\/\/stage.oximio.com\/tr\/","logo":{"@type":"ImageObject","inLanguage":"tr","@id":"https:\/\/stage.oximio.com\/tr\/#\/schema\/logo\/image\/","url":"https:\/\/oximio.com\/wp-content\/uploads\/2024\/09\/Oximio_logo-01.jpg","contentUrl":"https:\/\/oximio.com\/wp-content\/uploads\/2024\/09\/Oximio_logo-01.jpg","width":2501,"height":1363,"caption":"Oximio"},"image":{"@id":"https:\/\/stage.oximio.com\/tr\/#\/schema\/logo\/image\/"},"sameAs":["https:\/\/www.facebook.com\/Oximio\/","https:\/\/www.linkedin.com\/company\/smo-group"]}]}},"_links":{"self":[{"href":"https:\/\/stage.oximio.com\/tr\/wp-json\/wp\/v2\/pages\/4273","targetHints":{"allow":["GET"]}}],"collection":[{"href":"https:\/\/stage.oximio.com\/tr\/wp-json\/wp\/v2\/pages"}],"about":[{"href":"https:\/\/stage.oximio.com\/tr\/wp-json\/wp\/v2\/types\/page"}],"author":[{"embeddable":true,"href":"https:\/\/stage.oximio.com\/tr\/wp-json\/wp\/v2\/users\/1"}],"replies":[{"embeddable":true,"href":"https:\/\/stage.oximio.com\/tr\/wp-json\/wp\/v2\/comments?post=4273"}],"version-history":[{"count":16,"href":"https:\/\/stage.oximio.com\/tr\/wp-json\/wp\/v2\/pages\/4273\/revisions"}],"predecessor-version":[{"id":4762,"href":"https:\/\/stage.oximio.com\/tr\/wp-json\/wp\/v2\/pages\/4273\/revisions\/4762"}],"wp:attachment":[{"href":"https:\/\/stage.oximio.com\/tr\/wp-json\/wp\/v2\/media?parent=4273"}],"curies":[{"name":"wp","href":"https:\/\/api.w.org\/{rel}","templated":true}]}}